{"id":133,"date":"2018-07-01T02:25:40","date_gmt":"2018-07-01T02:25:40","guid":{"rendered":"http:\/\/testserver.mitter.org\/?page_id=133"},"modified":"2022-10-30T18:09:42","modified_gmt":"2022-10-30T17:09:42","slug":"kontakt","status":"publish","type":"page","link":"https:\/\/bf4.online\/index.php\/kontakt\/","title":{"rendered":"Kontakt"},"content":{"rendered":"<p>Schwerlastservive Deutschland<\/p>\n<p>Gesch\u00e4ftsf\u00fchrer Michael Stumpe<\/p>\n<p>Mozartstra\u00dfe 12, 85391 Allershausen<\/p>\n<p>Tel. 0179-7005380<\/p>\n<p>eMail <a href=\"info@bf4.online\">info@bf4.online<\/a><\/p>\n\n\n<p><\/p>\n","protected":false},"excerpt":{"rendered":"<p>Schwerlastservive Deutschland Gesch\u00e4ftsf\u00fchrer Michael Stumpe Mozartstra\u00dfe 12, 85391 Allershausen Tel. 0179-7005380 eMail info@bf4.online<\/p>\n","protected":false},"author":2,"featured_media":254,"parent":0,"menu_order":0,"comment_status":"closed","ping_status":"closed","template":"","meta":[],"_links":{"self":[{"href":"https:\/\/bf4.online\/index.php\/wp-json\/wp\/v2\/pages\/133"}],"collection":[{"href":"https:\/\/bf4.online\/index.php\/wp-json\/wp\/v2\/pages"}],"about":[{"href":"https:\/\/bf4.online\/index.php\/wp-json\/wp\/v2\/types\/page"}],"author":[{"embeddable":true,"href":"https:\/\/bf4.online\/index.php\/wp-json\/wp\/v2\/users\/2"}],"replies":[{"embeddable":true,"href":"https:\/\/bf4.online\/index.php\/wp-json\/wp\/v2\/comments?post=133"}],"version-history":[{"count":5,"href":"https:\/\/bf4.online\/index.php\/wp-json\/wp\/v2\/pages\/133\/revisions"}],"predecessor-version":[{"id":626,"href":"https:\/\/bf4.online\/index.php\/wp-json\/wp\/v2\/pages\/133\/revisions\/626"}],"wp:featuredmedia":[{"embeddable":true,"href":"https:\/\/bf4.online\/index.php\/wp-json\/"}],"wp:attachment":[{"href":"https:\/\/bf4.online\/index.php\/wp-json\/wp\/v2\/media?parent=133"}],"curies":[{"name":"wp","href":"https:\/\/api.w.org\/{rel}","templated":true}]}}