{"id":175,"date":"2018-07-02T07:53:55","date_gmt":"2018-07-02T07:53:55","guid":{"rendered":"http:\/\/testserver.mitter.org\/?page_id=175"},"modified":"2022-12-26T14:37:27","modified_gmt":"2022-12-26T13:37:27","slug":"leistungen","status":"publish","type":"page","link":"https:\/\/bf4.online\/index.php\/leistungen\/","title":{"rendered":"Leistungen"},"content":{"rendered":"<h3 style=\"text-align: left;\"><strong><span style=\"color: #000000;\">&#8211; BF2 * BF3 * BF4<\/span><\/strong><\/h3>\n<table>\n<tbody>\n<tr>\n<td><img decoding=\"async\" loading=\"lazy\" class=\"alignnone size-medium wp-image-530\" src=\"http:\/\/bf4.online\/wp-content\/uploads\/2018\/12\/IMG_20180309_161211782-e1545336479625-300x300.jpg\" alt=\"\" width=\"300\" height=\"300\" srcset=\"https:\/\/bf4.online\/wp-content\/uploads\/2018\/12\/IMG_20180309_161211782-e1545336479625-300x300.jpg 300w, https:\/\/bf4.online\/wp-content\/uploads\/2018\/12\/IMG_20180309_161211782-e1545336479625-150x150.jpg 150w, https:\/\/bf4.online\/wp-content\/uploads\/2018\/12\/IMG_20180309_161211782-e1545336479625-768x768.jpg 768w, https:\/\/bf4.online\/wp-content\/uploads\/2018\/12\/IMG_20180309_161211782-e1545336479625-1024x1024.jpg 1024w, https:\/\/bf4.online\/wp-content\/uploads\/2018\/12\/IMG_20180309_161211782-e1545336479625-1080x1080.jpg 1080w, https:\/\/bf4.online\/wp-content\/uploads\/2018\/12\/IMG_20180309_161211782-e1545336479625.jpg 1909w\" sizes=\"(max-width: 300px) 100vw, 300px\" \/><\/td>\n<td style=\"text-align: left;\">\u00a0<\/td>\n<td style=\"text-align: left;\">\u00a0<\/td>\n<\/tr>\n<\/tbody>\n<\/table>\n<ul>\n<li>BF2, BF3 und BF4 Begleitungen f\u00fcr Gro\u00dfraum und Schwertransport.<\/li>\n<\/ul>\n<hr \/><hr \/>\n<h3 style=\"text-align: left;\"><strong><span style=\"color: #000000;\">&#8211; Bodenschutz \/ Fahrstra\u00dfen<\/span><\/strong><\/h3>\n<table>\n<tbody>\n<tr>\n<td><img decoding=\"async\" loading=\"lazy\" class=\"alignnone wp-image-635 size-medium\" src=\"http:\/\/bf4.online\/wp-content\/uploads\/2022\/10\/4413FAC1-8776-49C6-9881-14F161FCCFB7-300x225.jpeg\" alt=\"\" width=\"300\" height=\"225\" srcset=\"https:\/\/bf4.online\/wp-content\/uploads\/2022\/10\/4413FAC1-8776-49C6-9881-14F161FCCFB7-300x225.jpeg 300w, https:\/\/bf4.online\/wp-content\/uploads\/2022\/10\/4413FAC1-8776-49C6-9881-14F161FCCFB7-768x576.jpeg 768w, https:\/\/bf4.online\/wp-content\/uploads\/2022\/10\/4413FAC1-8776-49C6-9881-14F161FCCFB7-1024x768.jpeg 1024w, https:\/\/bf4.online\/wp-content\/uploads\/2022\/10\/4413FAC1-8776-49C6-9881-14F161FCCFB7.jpeg 1280w\" sizes=\"(max-width: 300px) 100vw, 300px\" \/><\/td>\n<td style=\"text-align: left;\">\u00a0<\/td>\n<td style=\"text-align: left;\">\u00a0<\/td>\n<\/tr>\n<\/tbody>\n<\/table>\n<h5><span style=\"font-size: inherit; font-style: inherit; font-variant-ligatures: inherit; font-variant-caps: inherit; font-weight: inherit; color: #000000;\"><em>Erstellung und Vermietung von:<\/em><\/span><\/h5>\n<ul>\n<li>mobilen Bau- und Fahrstra\u00dfen<\/li>\n<li>mobilen Fl\u00e4chenbefestigungen f\u00fcr Lager, Event etc.<\/li>\n<li>mobilen Boden- und Pflasterschutz in Au\u00dfen- und Innenbereichen<\/li>\n<\/ul>\n<hr \/><hr \/>\n<h3 style=\"text-align: left;\"><span style=\"color: #000000;\"><strong>&#8211; Schilderdienst<\/strong><strong> &amp;\u00a0Streckenerkundung<\/strong><\/span><\/h3>\n<table>\n<tbody>\n<tr>\n<td><img decoding=\"async\" loading=\"lazy\" class=\"alignnone size-medium wp-image-184\" src=\"http:\/\/testserver.mitter.org\/wp-content\/uploads\/2018\/07\/Schilderdienst-300x147.jpg\" alt=\"\" width=\"300\" height=\"147\" \/><img decoding=\"async\" loading=\"lazy\" class=\"alignnone size-medium wp-image-517\" src=\"http:\/\/bf4.online\/wp-content\/uploads\/2018\/12\/2-300x300.jpg\" alt=\"\" width=\"300\" height=\"300\" srcset=\"https:\/\/bf4.online\/wp-content\/uploads\/2018\/12\/2-300x300.jpg 300w, https:\/\/bf4.online\/wp-content\/uploads\/2018\/12\/2-150x150.jpg 150w, https:\/\/bf4.online\/wp-content\/uploads\/2018\/12\/2-768x768.jpg 768w, https:\/\/bf4.online\/wp-content\/uploads\/2018\/12\/2-1024x1024.jpg 1024w, https:\/\/bf4.online\/wp-content\/uploads\/2018\/12\/2.jpg 1080w\" sizes=\"(max-width: 300px) 100vw, 300px\" \/><\/td>\n<td style=\"text-align: left;\">\u00a0<\/td>\n<\/tr>\n<\/tbody>\n<\/table>\n<h5><span style=\"font-size: inherit; font-style: inherit; font-variant-ligatures: inherit; font-variant-caps: inherit; font-weight: inherit; color: #000000;\">\u00a0<em>RSA zertifiziert<\/em><\/span><\/h5>\n<p><b>Beantragung und Ausf\u00fchrung von Absicherungen f\u00fcr Baustellen und Veranstaltungen.<\/b><\/p>\n<ul>\n<li>Einrichtung von Halteverbotszonen<\/li>\n<li>Strecken- und Baustellenber\u00e4umung<\/li>\n<li>R\u00fcckbau ber\u00e4umter Verkehrsfl\u00e4chen \/ Baustellen<\/li>\n<li>verkehrslenkende Ma\u00dfnahmen nach beh\u00f6rdlichen Auflagen<\/li>\n<li>Streckensuche \/ Streckenerkundung<\/li>\n<\/ul>\n<hr \/><hr \/>\n<h3 style=\"text-align: left;\"><span style=\"color: #000000;\"><strong>&#8211; Genehmigungsservice<\/strong><\/span><\/h3>\n<table>\n<tbody>\n<tr>\n<td><img decoding=\"async\" loading=\"lazy\" class=\"alignnone size-medium wp-image-184\" src=\"http:\/\/testserver.mitter.org\/wp-content\/uploads\/2018\/07\/Schilderdienst-300x147.jpg\" alt=\"\" width=\"300\" height=\"147\" \/><img decoding=\"async\" loading=\"lazy\" class=\"alignnone size-medium wp-image-527\" src=\"http:\/\/bf4.online\/wp-content\/uploads\/2018\/12\/rgst_an2b01-219x300.gif\" alt=\"\" width=\"219\" height=\"300\" \/><\/td>\n<td style=\"text-align: left;\">\u00a0<\/td>\n<\/tr>\n<\/tbody>\n<\/table>\n<p style=\"text-align: left;\"><span style=\"color: #000000;\"><em style=\"font-size: 1.11em; font-weight: 600; font-family: inherit; font-variant-ligatures: inherit; font-variant-caps: inherit;\">Beantragung und Organisation f\u00fcr Schwer- und Gro\u00dfraumtransporte von:<\/em><\/span><\/p>\n<ul class=\"pimp\" style=\"text-align: left;\">\n<li>Au\u00dfnahmegenehmigungen gem\u00e4\u00df \u00a7 29 StVO und \u00a7 46 StVO\u00a0<\/li>\n<li>Genehmigungen und Begleitungen<\/li>\n<\/ul>\n<ul class=\"pimp\">\n<li style=\"list-style-type: none;\">\u00a0<\/li>\n<\/ul>\n<hr \/><hr \/>\n<h3 style=\"text-align: left;\"><span style=\"color: #000000;\"><strong>&#8211; Erstellung von BF4 Regelpl\u00e4nen<\/strong><\/span><\/h3>\n<table>\n<tbody>\n<tr>\n<td><img decoding=\"async\" loading=\"lazy\" class=\"alignnone size-medium wp-image-184\" src=\"http:\/\/testserver.mitter.org\/wp-content\/uploads\/2018\/07\/Schilderdienst-300x147.jpg\" alt=\"\" width=\"300\" height=\"147\" \/><img decoding=\"async\" loading=\"lazy\" class=\"alignnone size-full wp-image-525\" src=\"http:\/\/bf4.online\/wp-content\/uploads\/2018\/12\/images-150x150.jpg\" alt=\"\" width=\"150\" height=\"150\" \/><\/td>\n<td style=\"text-align: left;\">\u00a0<\/td>\n<\/tr>\n<\/tbody>\n<\/table>\n<ol>\n<li>Sie sind ein Unternehmen, welches auf Schwer- und \/ oder Gro\u00dfraumtransporte mit BF3-Absicherung und Polizei, bis beispielsweise zur n\u00e4chstgelegenen Autobahnanbindung, angewiesen ist. Diese Transporte k\u00f6nnen des \u00d6fteren erst versp\u00e4tet oder gar nicht losfahren, da die zust\u00e4ndige Polizeibeh\u00f6rde durch ihre origin\u00e4ren Aufgaben gebunden und \/ oder ausgelastet ist oder Ihr Transportaufkommen die Leistungsf\u00e4higkeit der Polizei \u00fcbersteigt.<\/li>\n<li>Sie haben eine Gro\u00dfbaustelle (Bsp. Pipeline), in deren Verlauf viele interne Schwer- und \/ oder Gro\u00dfraumtransporte durchgef\u00fchrt werden m\u00fcssen und durch die der \u00f6ffentliche Stra\u00dfenverkehr stark beeintr\u00e4chtigt wird. Auch muss die Mehrzahl der Transporte durch BF3-Absicherung und Polizei begleitet werden.\u00a0<\/li>\n<\/ol>\n<ul>\n<li>Wir setzen uns mit Ihren zust\u00e4ndigen Stra\u00dfenbaulasttr\u00e4gern und Sicherheitsbeh\u00f6rden in Verbindung.<\/li>\n<li>Wir f\u00fchren die Streckensuche und -erkundung f\u00fcr vor\u00fcbergehende oder dauerhafte BF-4 Transportstrecken durch.<\/li>\n<li>Wir erstellen f\u00fcr diese Transportstrecken die passenden BF4-Regelpl\u00e4ne.<\/li>\n<li>Wir erstellen Tranportstrecken und BF4-Regelpl\u00e4ne individuell zugeschnitten auf Ihre Transportg\u00fcter.<\/li>\n<\/ul>\n<ul>\n<li style=\"list-style-type: none;\">\u00a0<\/li>\n<\/ul>\n\n\n<p><\/p>\n","protected":false},"excerpt":{"rendered":"<p>&#8211; BF2 * BF3 * BF4 \u00a0 \u00a0 BF2, BF3 und BF4 Begleitungen f\u00fcr Gro\u00dfraum und Schwertransport. &#8211; Bodenschutz \/ Fahrstra\u00dfen \u00a0 \u00a0 Erstellung und Vermietung von: mobilen Bau- und Fahrstra\u00dfen mobilen Fl\u00e4chenbefestigungen f\u00fcr Lager, Event etc. mobilen Boden- und Pflasterschutz in Au\u00dfen- und Innenbereichen &#8211; Schilderdienst &amp;\u00a0Streckenerkundung \u00a0 \u00a0RSA zertifiziert Beantragung und Ausf\u00fchrung von&hellip; <br \/> <a class=\"button small blue\" href=\"https:\/\/bf4.online\/index.php\/leistungen\/\">Weiterlesen<\/a><\/p>\n","protected":false},"author":2,"featured_media":0,"parent":0,"menu_order":2,"comment_status":"closed","ping_status":"closed","template":"","meta":[],"_links":{"self":[{"href":"https:\/\/bf4.online\/index.php\/wp-json\/wp\/v2\/pages\/175"}],"collection":[{"href":"https:\/\/bf4.online\/index.php\/wp-json\/wp\/v2\/pages"}],"about":[{"href":"https:\/\/bf4.online\/index.php\/wp-json\/wp\/v2\/types\/page"}],"author":[{"embeddable":true,"href":"https:\/\/bf4.online\/index.php\/wp-json\/wp\/v2\/users\/2"}],"replies":[{"embeddable":true,"href":"https:\/\/bf4.online\/index.php\/wp-json\/wp\/v2\/comments?post=175"}],"version-history":[{"count":23,"href":"https:\/\/bf4.online\/index.php\/wp-json\/wp\/v2\/pages\/175\/revisions"}],"predecessor-version":[{"id":684,"href":"https:\/\/bf4.online\/index.php\/wp-json\/wp\/v2\/pages\/175\/revisions\/684"}],"wp:attachment":[{"href":"https:\/\/bf4.online\/index.php\/wp-json\/wp\/v2\/media?parent=175"}],"curies":[{"name":"wp","href":"https:\/\/api.w.org\/{rel}","templated":true}]}}